{"id":309,"date":"2015-03-09T12:40:28","date_gmt":"2015-03-09T10:40:28","guid":{"rendered":"https:\/\/www.bitshopper.de?post_type=product&#038;p=309"},"modified":"2015-03-09T12:40:53","modified_gmt":"2015-03-09T10:40:53","slug":"antminer-u2-usb-asic","status":"publish","type":"product","link":"https:\/\/www.bitshopper.de\/en\/shop\/sha-256-miner\/usb-miner-bitcoin\/antminer-u2-usb-asic\/","title":{"rendered":"AntMiner U2+ USB ASIC"},"content":{"rendered":"<h4 style=\"color: #2e3133;\"><span style=\"text-decoration: underline;\">Bitmain Technologies AntMiner U2+\u00a0<\/span><span style=\"text-decoration: underline;\">USB\u00a0<\/span><span style=\"text-decoration: underline;\">ASIC bis 2,4 GH\/s<\/span><\/h4>\n<div style=\"color: #2e3133; text-align: justify;\">Dieser neue USB-Miner f\u00fcr SHA256d-basierte Crypotcoins wie Bitcoin und Namecoin erbringt eine Leistung von 1,6 bis 2,2 GH\/s, mit guter K\u00fchlung sogar bis zu 2,4 GH\/s und wurde &#8211; wie alle unsere Artikel &#8211; von uns auf Funktionsf\u00e4higkeit gepr\u00fcft.<\/div>\n<p style=\"color: #2e3133; text-align: justify;\">Die Nachfolgeversion des bekannten AntMiner U1 wurde von Bitmain insbesondere im Bereich der K\u00fchlung und der Tuning-Parameter optimiert.<\/p>\n<div style=\"color: #2e3133; text-align: justify;\">Es stehen herstellerseitig verschiedene Softwarepakete f\u00fcr die Verwendung unter Windows, Mac OSX und Linux zur Verf\u00fcgung.<\/div>\n<p style=\"color: #2e3133; text-align: justify;\">Die Taktrate l\u00e4sst sich durch Konsolenparameter anpassen. Im Gegensatz zum Vorg\u00e4ngermodell reagieren die neuen AntMiner U2+ wesentlich unempflindlicher auf eine Anpassung der Taktrate in den Konsolenparametern der verwendeten Mining-Software. Der Miner verbraucht nach Herstellerangaben lediglich 2 W bei 1,6GH Leistung und eignet sich somit f\u00fcr die Verwendung mit verschiedenen aktiven USB-Hubs.<\/p>\n<h5 style=\"color: #2e3133; text-align: justify;\"><b><span style=\"text-decoration: underline;\">Spezifikation:<\/span><\/b><\/h5>\n<ul style=\"color: #2e3133;\">\n<li style=\"text-align: justify;\">Hash-Geschwindigkeit: bis zu 2,4 GH\/s (\u00dcbertaktung mittels Konsolenparameter m\u00f6glich)<\/li>\n<li style=\"text-align: justify;\">Stromverbrauch: 2 W pro USB-Port (bei werkseitiger Taktung). Ein leistungsf\u00e4higer, aktiver USB-Hub wird empfohlen.<\/li>\n<\/ul>\n<h5 style=\"color: #2e3133; text-align: justify;\"><b><span style=\"text-decoration: underline;\">F\u00fcr den Betrieb wird ben\u00f6tigt:<\/span><\/b><\/h5>\n<ul>\n<li style=\"text-align: justify;\">Host-PC mit\u00a0Windows x86 (32-bit oder 64bit)\u00a0Betriebssystem und USB2Serial Treiber (CP210x USB to UART Bridge; N\u00e4here Informationen auf unserer Homepage)\u00a0<span style=\"text-decoration: underline;\">oder<\/span>\u00a0Linux (x86 oder ARM) mit CGMINER-Branch des Herstellers.<\/li>\n<\/ul>\n<ul style=\"color: #2e3133;\">\n<li style=\"text-align: justify;\">Aktiver USB-Port mit leistungsf\u00e4higer Stromversorgung (z.B. Anker 9-Port, Asicminer 49-Port, Orico 10-Port)<\/li>\n<li style=\"text-align: justify;\"><span style=\"text-decoration: underline;\">Achtung:<\/span>\u00a0Bedingt durch den im Vergleich zum Vorg\u00e4ngermodell stark vergr\u00f6\u00dferten K\u00fchlk\u00f6rper hat der AntMiner U2+ eine Bauh\u00f6he von 15mm. Dadurch sind &#8211; je nach verwendetem aktivem USB Hub &#8211; gegebenenfalls nicht mehr alle Ports verwendbar<\/li>\n<\/ul>\n","protected":false},"excerpt":{"rendered":"<p>Bitmain Technologies AntMiner U2+\u00a0USB\u00a0ASIC bis 2,4 GH\/s Dieser neue USB-Miner f\u00fcr SHA256d-basierte Crypotcoins wie Bitcoin und Namecoin erbringt eine Leistung von 1,6 bis 2,2 GH\/s, mit guter K\u00fchlung sogar bis zu 2,4 GH\/s und wurde &#8211; wie alle unsere Artikel &#8211; von uns auf Funktionsf\u00e4higkeit gepr\u00fcft. Die Nachfolgeversion des bekannten AntMiner U1 wurde von Bitmain [&#8230;]<\/p>\n","protected":false},"featured_media":274,"comment_status":"closed","ping_status":"closed","template":"","meta":{"_monsterinsights_skip_tracking":false,"_monsterinsights_sitenote_active":false,"_monsterinsights_sitenote_note":"","_monsterinsights_sitenote_category":0},"product_brand":[],"product_cat":[33],"product_tag":[38,39],"class_list":{"0":"post-309","1":"product","2":"type-product","3":"status-publish","4":"has-post-thumbnail","6":"product_cat-usb-miner-bitcoin","7":"product_tag-antminer-en","8":"product_tag-bitcoin-en","10":"first","11":"outofstock","12":"taxable","13":"shipping-taxable","14":"purchasable","15":"product-type-simple"},"group_of_quantity":0,"min_quantity":0,"max_quantity":"","exclude_order_quantity_value_rules":"no","exclude_category_quantity_rules":"no","combine_variations":"no","yoast_head":"<!-- This site is optimized with the Yoast SEO Premium plugin v27.4 (Yoast SEO v27.4) - https:\/\/yoast.com\/product\/yoast-seo-premium-wordpress\/ -->\n<title>AntMiner U2+ USB ASIC - bitshopper.de<\/title>\n<meta name=\"robots\" content=\"index, follow, max-snippet:-1, max-image-preview:large, max-video-preview:-1\" \/>\n<link rel=\"canonical\" href=\"https:\/\/www.bitshopper.de\/en\/shop\/sha-256-miner\/usb-miner-bitcoin\/antminer-u2-usb-asic\/\" \/>\n<meta property=\"og:locale\" content=\"en_US\" \/>\n<meta property=\"og:type\" content=\"article\" \/>\n<meta property=\"og:title\" content=\"AntMiner U2+ USB ASIC\" \/>\n<meta property=\"og:description\" content=\"Bitmain Technologies AntMiner U2+\u00a0USB\u00a0ASIC bis 2,4 GH\/s Dieser neue USB-Miner f\u00fcr SHA256d-basierte Crypotcoins wie Bitcoin und Namecoin erbringt eine Leistung von 1,6 bis 2,2 GH\/s, mit guter K\u00fchlung sogar bis zu 2,4 GH\/s und wurde &#8211; wie alle unsere Artikel &#8211; von uns auf Funktionsf\u00e4higkeit gepr\u00fcft. Die Nachfolgeversion des bekannten AntMiner U1 wurde von Bitmain [...]\" \/>\n<meta property=\"og:url\" content=\"https:\/\/www.bitshopper.de\/en\/shop\/sha-256-miner\/usb-miner-bitcoin\/antminer-u2-usb-asic\/\" \/>\n<meta property=\"og:site_name\" content=\"bitshopper.de\" \/>\n<meta property=\"article:modified_time\" content=\"2015-03-09T10:40:53+00:00\" \/>\n<meta property=\"og:image\" content=\"https:\/\/www.bitshopper.de\/wp-content\/uploads\/2014\/04\/antminer_u2_bitshopper-2.jpg\" \/>\n\t<meta property=\"og:image:width\" content=\"1500\" \/>\n\t<meta property=\"og:image:height\" content=\"1500\" \/>\n\t<meta property=\"og:image:type\" content=\"image\/jpeg\" \/>\n<meta name=\"twitter:label1\" content=\"Price\" \/>\n\t<meta name=\"twitter:data1\" content=\"15,00&nbsp;&euro;\" \/>\n\t<meta name=\"twitter:label2\" content=\"Availability\" \/>\n\t<meta name=\"twitter:data2\" content=\"Out of stock\" \/>\n<script type=\"application\/ld+json\" class=\"yoast-schema-graph\">{\"@context\":\"https:\\\/\\\/schema.org\",\"@graph\":[{\"@type\":[\"WebPage\",\"ItemPage\"],\"@id\":\"https:\\\/\\\/www.bitshopper.de\\\/en\\\/shop\\\/sha-256-miner\\\/usb-miner-bitcoin\\\/antminer-u2-usb-asic\\\/\",\"url\":\"https:\\\/\\\/www.bitshopper.de\\\/en\\\/shop\\\/sha-256-miner\\\/usb-miner-bitcoin\\\/antminer-u2-usb-asic\\\/\",\"name\":\"AntMiner U2+ USB ASIC - bitshopper.de\",\"isPartOf\":{\"@id\":\"https:\\\/\\\/www.bitshopper.de\\\/en\\\/#website\"},\"primaryImageOfPage\":{\"@id\":\"https:\\\/\\\/www.bitshopper.de\\\/en\\\/shop\\\/sha-256-miner\\\/usb-miner-bitcoin\\\/antminer-u2-usb-asic\\\/#primaryimage\"},\"image\":{\"@id\":\"https:\\\/\\\/www.bitshopper.de\\\/en\\\/shop\\\/sha-256-miner\\\/usb-miner-bitcoin\\\/antminer-u2-usb-asic\\\/#primaryimage\"},\"thumbnailUrl\":\"https:\\\/\\\/www.bitshopper.de\\\/wp-content\\\/uploads\\\/2014\\\/04\\\/antminer_u2_bitshopper-2.jpg\",\"datePublished\":\"2015-03-09T10:40:28+00:00\",\"dateModified\":\"2015-03-09T10:40:53+00:00\",\"breadcrumb\":{\"@id\":\"https:\\\/\\\/www.bitshopper.de\\\/en\\\/shop\\\/sha-256-miner\\\/usb-miner-bitcoin\\\/antminer-u2-usb-asic\\\/#breadcrumb\"},\"inLanguage\":\"en-US\",\"potentialAction\":[{\"@type\":\"ReadAction\",\"target\":[\"https:\\\/\\\/www.bitshopper.de\\\/en\\\/shop\\\/sha-256-miner\\\/usb-miner-bitcoin\\\/antminer-u2-usb-asic\\\/\"]}]},{\"@type\":\"ImageObject\",\"inLanguage\":\"en-US\",\"@id\":\"https:\\\/\\\/www.bitshopper.de\\\/en\\\/shop\\\/sha-256-miner\\\/usb-miner-bitcoin\\\/antminer-u2-usb-asic\\\/#primaryimage\",\"url\":\"https:\\\/\\\/www.bitshopper.de\\\/wp-content\\\/uploads\\\/2014\\\/04\\\/antminer_u2_bitshopper-2.jpg\",\"contentUrl\":\"https:\\\/\\\/www.bitshopper.de\\\/wp-content\\\/uploads\\\/2014\\\/04\\\/antminer_u2_bitshopper-2.jpg\",\"width\":1500,\"height\":1500},{\"@type\":\"BreadcrumbList\",\"@id\":\"https:\\\/\\\/www.bitshopper.de\\\/en\\\/shop\\\/sha-256-miner\\\/usb-miner-bitcoin\\\/antminer-u2-usb-asic\\\/#breadcrumb\",\"itemListElement\":[{\"@type\":\"ListItem\",\"position\":1,\"name\":\"Home\",\"item\":\"https:\\\/\\\/www.bitshopper.de\\\/en\\\/\"},{\"@type\":\"ListItem\",\"position\":2,\"name\":\"Buy Bitcoin Miner &amp; Mining Hardware\",\"item\":\"https:\\\/\\\/www.bitshopper.de\\\/en\\\/shop\\\/\"},{\"@type\":\"ListItem\",\"position\":3,\"name\":\"AntMiner U2+ USB ASIC\"}]},{\"@type\":\"WebSite\",\"@id\":\"https:\\\/\\\/www.bitshopper.de\\\/en\\\/#website\",\"url\":\"https:\\\/\\\/www.bitshopper.de\\\/en\\\/\",\"name\":\"bitshopper.de\",\"description\":\"Digital mining equipment &amp; more\",\"potentialAction\":[{\"@type\":\"SearchAction\",\"target\":{\"@type\":\"EntryPoint\",\"urlTemplate\":\"https:\\\/\\\/www.bitshopper.de\\\/en\\\/?s={search_term_string}\"},\"query-input\":{\"@type\":\"PropertyValueSpecification\",\"valueRequired\":true,\"valueName\":\"search_term_string\"}}],\"inLanguage\":\"en-US\"}]}<\/script>\n<meta property=\"product:price:amount\" content=\"15.00\" \/>\n<meta property=\"product:price:currency\" content=\"EUR\" \/>\n<meta property=\"og:availability\" content=\"out of stock\" \/>\n<meta property=\"product:availability\" content=\"out of stock\" \/>\n<meta property=\"product:retailer_item_id\" content=\"ART-001003\" \/>\n<meta property=\"product:condition\" content=\"new\" \/>\n<!-- \/ Yoast SEO Premium plugin. -->","yoast_head_json":{"title":"AntMiner U2+ USB ASIC - bitshopper.de","robots":{"index":"index","follow":"follow","max-snippet":"max-snippet:-1","max-image-preview":"max-image-preview:large","max-video-preview":"max-video-preview:-1"},"canonical":"https:\/\/www.bitshopper.de\/en\/shop\/sha-256-miner\/usb-miner-bitcoin\/antminer-u2-usb-asic\/","og_locale":"en_US","og_type":"article","og_title":"AntMiner U2+ USB ASIC","og_description":"Bitmain Technologies AntMiner U2+\u00a0USB\u00a0ASIC bis 2,4 GH\/s Dieser neue USB-Miner f\u00fcr SHA256d-basierte Crypotcoins wie Bitcoin und Namecoin erbringt eine Leistung von 1,6 bis 2,2 GH\/s, mit guter K\u00fchlung sogar bis zu 2,4 GH\/s und wurde &#8211; wie alle unsere Artikel &#8211; von uns auf Funktionsf\u00e4higkeit gepr\u00fcft. Die Nachfolgeversion des bekannten AntMiner U1 wurde von Bitmain [...]","og_url":"https:\/\/www.bitshopper.de\/en\/shop\/sha-256-miner\/usb-miner-bitcoin\/antminer-u2-usb-asic\/","og_site_name":"bitshopper.de","article_modified_time":"2015-03-09T10:40:53+00:00","og_image":[{"width":1500,"height":1500,"url":"https:\/\/www.bitshopper.de\/wp-content\/uploads\/2014\/04\/antminer_u2_bitshopper-2.jpg","type":"image\/jpeg"}],"twitter_misc":{"Price":"15,00&nbsp;&euro;","Availability":"Out of stock"},"schema":{"@context":"https:\/\/schema.org","@graph":[{"@type":["WebPage","ItemPage"],"@id":"https:\/\/www.bitshopper.de\/en\/shop\/sha-256-miner\/usb-miner-bitcoin\/antminer-u2-usb-asic\/","url":"https:\/\/www.bitshopper.de\/en\/shop\/sha-256-miner\/usb-miner-bitcoin\/antminer-u2-usb-asic\/","name":"AntMiner U2+ USB ASIC - bitshopper.de","isPartOf":{"@id":"https:\/\/www.bitshopper.de\/en\/#website"},"primaryImageOfPage":{"@id":"https:\/\/www.bitshopper.de\/en\/shop\/sha-256-miner\/usb-miner-bitcoin\/antminer-u2-usb-asic\/#primaryimage"},"image":{"@id":"https:\/\/www.bitshopper.de\/en\/shop\/sha-256-miner\/usb-miner-bitcoin\/antminer-u2-usb-asic\/#primaryimage"},"thumbnailUrl":"https:\/\/www.bitshopper.de\/wp-content\/uploads\/2014\/04\/antminer_u2_bitshopper-2.jpg","datePublished":"2015-03-09T10:40:28+00:00","dateModified":"2015-03-09T10:40:53+00:00","breadcrumb":{"@id":"https:\/\/www.bitshopper.de\/en\/shop\/sha-256-miner\/usb-miner-bitcoin\/antminer-u2-usb-asic\/#breadcrumb"},"inLanguage":"en-US","potentialAction":[{"@type":"ReadAction","target":["https:\/\/www.bitshopper.de\/en\/shop\/sha-256-miner\/usb-miner-bitcoin\/antminer-u2-usb-asic\/"]}]},{"@type":"ImageObject","inLanguage":"en-US","@id":"https:\/\/www.bitshopper.de\/en\/shop\/sha-256-miner\/usb-miner-bitcoin\/antminer-u2-usb-asic\/#primaryimage","url":"https:\/\/www.bitshopper.de\/wp-content\/uploads\/2014\/04\/antminer_u2_bitshopper-2.jpg","contentUrl":"https:\/\/www.bitshopper.de\/wp-content\/uploads\/2014\/04\/antminer_u2_bitshopper-2.jpg","width":1500,"height":1500},{"@type":"BreadcrumbList","@id":"https:\/\/www.bitshopper.de\/en\/shop\/sha-256-miner\/usb-miner-bitcoin\/antminer-u2-usb-asic\/#breadcrumb","itemListElement":[{"@type":"ListItem","position":1,"name":"Home","item":"https:\/\/www.bitshopper.de\/en\/"},{"@type":"ListItem","position":2,"name":"Buy Bitcoin Miner &amp; Mining Hardware","item":"https:\/\/www.bitshopper.de\/en\/shop\/"},{"@type":"ListItem","position":3,"name":"AntMiner U2+ USB ASIC"}]},{"@type":"WebSite","@id":"https:\/\/www.bitshopper.de\/en\/#website","url":"https:\/\/www.bitshopper.de\/en\/","name":"bitshopper.de","description":"Digital mining equipment &amp; more","potentialAction":[{"@type":"SearchAction","target":{"@type":"EntryPoint","urlTemplate":"https:\/\/www.bitshopper.de\/en\/?s={search_term_string}"},"query-input":{"@type":"PropertyValueSpecification","valueRequired":true,"valueName":"search_term_string"}}],"inLanguage":"en-US"}]},"product_price_amount":"15.00","product_price_currency":"EUR","og_availability":"out of stock","product_availability":"out of stock","product_retailer_item_id":"ART-001003","product_condition":"new"},"_links":{"self":[{"href":"https:\/\/www.bitshopper.de\/en\/wp-json\/wp\/v2\/product\/309","targetHints":{"allow":["GET"]}}],"collection":[{"href":"https:\/\/www.bitshopper.de\/en\/wp-json\/wp\/v2\/product"}],"about":[{"href":"https:\/\/www.bitshopper.de\/en\/wp-json\/wp\/v2\/types\/product"}],"replies":[{"embeddable":true,"href":"https:\/\/www.bitshopper.de\/en\/wp-json\/wp\/v2\/comments?post=309"}],"wp:featuredmedia":[{"embeddable":true,"href":"https:\/\/www.bitshopper.de\/en\/wp-json\/wp\/v2\/media\/274"}],"wp:attachment":[{"href":"https:\/\/www.bitshopper.de\/en\/wp-json\/wp\/v2\/media?parent=309"}],"wp:term":[{"taxonomy":"product_brand","embeddable":true,"href":"https:\/\/www.bitshopper.de\/en\/wp-json\/wp\/v2\/product_brand?post=309"},{"taxonomy":"product_cat","embeddable":true,"href":"https:\/\/www.bitshopper.de\/en\/wp-json\/wp\/v2\/product_cat?post=309"},{"taxonomy":"product_tag","embeddable":true,"href":"https:\/\/www.bitshopper.de\/en\/wp-json\/wp\/v2\/product_tag?post=309"}],"curies":[{"name":"wp","href":"https:\/\/api.w.org\/{rel}","templated":true}]}}